{"id":19142,"date":"2023-08-21T18:41:52","date_gmt":"2023-08-21T18:41:52","guid":{"rendered":"https:\/\/www.berneck-zwerenberg.de\/bz\/?page_id=19142"},"modified":"2026-03-17T10:23:02","modified_gmt":"2026-03-17T10:23:02","slug":"mitgliedschaft","status":"publish","type":"page","link":"https:\/\/www.berneck-zwerenberg.de\/bz\/mitgliedschaft\/","title":{"rendered":"Mitgliedschaft"},"content":{"rendered":"\t\t<div data-elementor-type=\"wp-page\" data-elementor-id=\"19142\" class=\"elementor elementor-19142\">\n\t\t\t\t\t\t<section class=\"elementor-section elementor-top-section elementor-element elementor-element-3b730c1 elementor-section-boxed elementor-section-height-default elementor-section-height-default\" data-id=\"3b730c1\" data-element_type=\"section\" data-e-type=\"section\">\n\t\t\t\t\t\t<div class=\"elementor-container elementor-column-gap-default\">\n\t\t\t\t\t<div class=\"elementor-column elementor-col-100 elementor-top-column elementor-element elementor-element-3f41b8a3\" data-id=\"3f41b8a3\" data-element_type=\"column\" data-e-type=\"column\">\n\t\t\t<div class=\"elementor-widget-wrap elementor-element-populated\">\n\t\t\t\t\t\t<div class=\"elementor-element elementor-element-20d85f07 elementor-widget elementor-widget-text-editor\" data-id=\"20d85f07\" data-element_type=\"widget\" data-e-type=\"widget\" data-widget_type=\"text-editor.default\">\n\t\t\t\t<div class=\"elementor-widget-container\">\n\t\t\t\t\t\t\t\t\t<h1 style=\"text-align: center;\">So wirst du Mitglied in unserem Verein<\/h1>\t\t\t\t\t\t\t\t<\/div>\n\t\t\t\t<\/div>\n\t\t\t\t\t<\/div>\n\t\t<\/div>\n\t\t\t\t\t<\/div>\n\t\t<\/section>\n\t\t\t\t<section class=\"elementor-section elementor-top-section elementor-element elementor-element-2be895f elementor-section-boxed elementor-section-height-default elementor-section-height-default\" data-id=\"2be895f\" data-element_type=\"section\" data-e-type=\"section\">\n\t\t\t\t\t\t<div class=\"elementor-container elementor-column-gap-default\">\n\t\t\t\t\t<div class=\"elementor-column elementor-col-100 elementor-top-column elementor-element elementor-element-8c083b2\" data-id=\"8c083b2\" data-element_type=\"column\" data-e-type=\"column\">\n\t\t\t<div class=\"elementor-widget-wrap elementor-element-populated\">\n\t\t\t\t\t\t<div class=\"elementor-element elementor-element-2be10ce elementor-widget elementor-widget-text-editor\" data-id=\"2be10ce\" data-element_type=\"widget\" data-e-type=\"widget\" data-widget_type=\"text-editor.default\">\n\t\t\t\t<div class=\"elementor-widget-container\">\n\t\t\t\t\t\t\t\t\t<div>\n<div style=\"color: #000000; font-family: Verdana; font-size: 12px;\">&nbsp;<\/div>\n<div style=\"color: #000000; font-family: Verdana; font-size: 12px;\">\n<p class=\"tiny_p\">Mitgliedsantrag herunterladen, ausf\u00fcllen, unterschreiben und per Mail senden an: Berneck-Zwerenberg@gmx.net oder pers\u00f6nlich bei einem unserer Funktion\u00e4re abgeben.&nbsp;<\/p>\n<p class=\"tiny_p\">Abh\u00e4ngig davon, ob unsere Mitglieder aktiv am Spiel-\/ Trainingsbetrieb teilnehmen, bieten wir unterschiedliche Beitragsmodelle an:<\/p>\n<div class=\"table-wrapper\">\n<table class=\"cke-modern-table tableStyleFix-0\" style=\"width: 1197.36px;\">\n<tbody>\n<tr>\n<td>Aktive Vereinsmitglieder&nbsp;<br>Passive Vereinsmitglieder&nbsp;<\/td>\n<td style=\"width: 356.215px;\">Kosten: 72\u20ac\/ Jahr<br>Kosten: 48\u20ac\/ Jahr<\/td>\n<\/tr>\n<tr>\n<td>Kinder und Jugendliche bis 18 Jahre&nbsp; &nbsp;&nbsp;<\/td>\n<td style=\"width: 356.215px;\">Kosten: 72\u20ac \/ Jahr<\/td>\n<\/tr>\n<tr>\n<td>\n<p>Familienbeitrag&nbsp;(f\u00fcr Familien mit Kindern unter 18 Jahre)<\/p>\n<h3><strong>Hier klicken:&nbsp;<a href=\"https:\/\/www.berneck-zwerenberg.de\/bz\/wp-content\/uploads\/2026\/03\/Mitgliedsantrag-2026_Homepage_fuell.pdf\">Mitgliedsantrag <\/a><\/strong><\/h3>\n<\/td>\n<td style=\"width: 356.215px;\">Kosten: 180\u20ac\/ Jahr<\/td>\n<\/tr>\n<\/tbody>\n<\/table>\n<\/div>\n<\/div>\n<\/div>\n<div>&nbsp;<\/div>\t\t\t\t\t\t\t\t<\/div>\n\t\t\t\t<\/div>\n\t\t\t\t<div class=\"elementor-element elementor-element-6e6ff76 elementor-widget elementor-widget-image\" data-id=\"6e6ff76\" data-element_type=\"widget\" data-e-type=\"widget\" data-widget_type=\"image.default\">\n\t\t\t\t<div class=\"elementor-widget-container\">\n\t\t\t\t\t\t\t\t\t\t\t\t\t\t\t\t<a href=\"https:\/\/www.berneck-zwerenberg.de\/bz\/wp-content\/uploads\/2026\/03\/Mitgliedsantrag-2026_Homepage_fuell_Seite_1.jpg\">\n\t\t\t\t\t\t\t<img decoding=\"async\" width=\"150\" height=\"150\" src=\"https:\/\/www.berneck-zwerenberg.de\/bz\/wp-content\/uploads\/2026\/03\/Mitgliedsantrag-2026_Homepage_fuell_Seite_1-150x150.jpg\" class=\"attachment-thumbnail size-thumbnail wp-image-25029\" alt=\"\" srcset=\"https:\/\/www.berneck-zwerenberg.de\/bz\/wp-content\/uploads\/2026\/03\/Mitgliedsantrag-2026_Homepage_fuell_Seite_1-150x150.jpg 150w, https:\/\/www.berneck-zwerenberg.de\/bz\/wp-content\/uploads\/2026\/03\/Mitgliedsantrag-2026_Homepage_fuell_Seite_1-400x400.jpg 400w\" sizes=\"(max-width: 150px) 100vw, 150px\" \/>\t\t\t\t\t\t\t\t<\/a>\n\t\t\t\t\t\t\t\t\t\t\t\t\t\t\t<\/div>\n\t\t\t\t<\/div>\n\t\t\t\t\t<\/div>\n\t\t<\/div>\n\t\t\t\t\t<\/div>\n\t\t<\/section>\n\t\t\t\t<section class=\"elementor-section elementor-top-section elementor-element elementor-element-c82c52f elementor-section-boxed elementor-section-height-default elementor-section-height-default\" data-id=\"c82c52f\" data-element_type=\"section\" data-e-type=\"section\">\n\t\t\t\t\t\t<div class=\"elementor-container elementor-column-gap-default\">\n\t\t\t\t\t<div class=\"elementor-column elementor-col-100 elementor-top-column elementor-element elementor-element-306c27f\" data-id=\"306c27f\" data-element_type=\"column\" data-e-type=\"column\">\n\t\t\t<div class=\"elementor-widget-wrap elementor-element-populated\">\n\t\t\t\t\t\t<div class=\"elementor-element elementor-element-938a198 elementor-widget elementor-widget-image\" data-id=\"938a198\" data-element_type=\"widget\" data-e-type=\"widget\" data-widget_type=\"image.default\">\n\t\t\t\t<div class=\"elementor-widget-container\">\n\t\t\t\t\t\t\t\t\t\t\t\t\t\t\t<img decoding=\"async\" src=\"https:\/\/www.berneck-zwerenberg.de\/bz\/wp-content\/uploads\/2023\/08\/Mitgliedsantrag-2023_BZ.pdf\" title=\"\" alt=\"\" loading=\"lazy\" \/>\t\t\t\t\t\t\t\t\t\t\t\t\t\t\t<\/div>\n\t\t\t\t<\/div>\n\t\t\t\t\t<\/div>\n\t\t<\/div>\n\t\t\t\t\t<\/div>\n\t\t<\/section>\n\t\t\t\t<\/div>\n\t\t","protected":false},"excerpt":{"rendered":"<p>So wirst du Mitglied in unserem Verein &nbsp; Mitgliedsantrag herunterladen, ausf\u00fcllen, unterschreiben und per Mail senden an: Berneck-Zwerenberg@gmx.net oder pers\u00f6nlich bei einem unserer Funktion\u00e4re abgeben.&nbsp; Abh\u00e4ngig davon, ob unsere Mitglieder aktiv am Spiel-\/ Trainingsbetrieb teilnehmen, bieten wir unterschiedliche Beitragsmodelle an: Aktive Vereinsmitglieder&nbsp;Passive Vereinsmitglieder&nbsp; Kosten: 72\u20ac\/ JahrKosten: 48\u20ac\/ Jahr Kinder und Jugendliche bis 18 Jahre&nbsp; &nbsp;&nbsp;&#8230; <\/p>\n<div class=\"clear\"><\/div>\n<p><a href=\"https:\/\/www.berneck-zwerenberg.de\/bz\/mitgliedschaft\/\" class=\"excerpt-read-more\">Weiterlesen<\/a><\/p>\n","protected":false},"author":3,"featured_media":0,"parent":0,"menu_order":0,"comment_status":"closed","ping_status":"closed","template":"","meta":{"ngg_post_thumbnail":0,"footnotes":""},"class_list":["post-19142","page","type-page","status-publish","hentry"],"publishpress_future_workflow_manual_trigger":{"enabledWorkflows":[]},"_links":{"self":[{"href":"https:\/\/www.berneck-zwerenberg.de\/bz\/wp-json\/wp\/v2\/pages\/19142","targetHints":{"allow":["GET"]}}],"collection":[{"href":"https:\/\/www.berneck-zwerenberg.de\/bz\/wp-json\/wp\/v2\/pages"}],"about":[{"href":"https:\/\/www.berneck-zwerenberg.de\/bz\/wp-json\/wp\/v2\/types\/page"}],"author":[{"embeddable":true,"href":"https:\/\/www.berneck-zwerenberg.de\/bz\/wp-json\/wp\/v2\/users\/3"}],"replies":[{"embeddable":true,"href":"https:\/\/www.berneck-zwerenberg.de\/bz\/wp-json\/wp\/v2\/comments?post=19142"}],"version-history":[{"count":10,"href":"https:\/\/www.berneck-zwerenberg.de\/bz\/wp-json\/wp\/v2\/pages\/19142\/revisions"}],"predecessor-version":[{"id":25154,"href":"https:\/\/www.berneck-zwerenberg.de\/bz\/wp-json\/wp\/v2\/pages\/19142\/revisions\/25154"}],"wp:attachment":[{"href":"https:\/\/www.berneck-zwerenberg.de\/bz\/wp-json\/wp\/v2\/media?parent=19142"}],"curies":[{"name":"wp","href":"https:\/\/api.w.org\/{rel}","templated":true}]}}